{"id":1675,"date":"2022-01-01T21:04:54","date_gmt":"2022-01-01T20:04:54","guid":{"rendered":"https:\/\/sound-play.net\/de\/?page_id=1675"},"modified":"2023-12-02T18:40:29","modified_gmt":"2023-12-02T17:40:29","slug":"impressum","status":"publish","type":"page","link":"https:\/\/sound-play.net\/de\/impressum\/","title":{"rendered":"Impressum"},"content":{"rendered":"\t\t<div data-elementor-type=\"wp-page\" data-elementor-id=\"1675\" class=\"elementor elementor-1675\">\n\t\t\t\t\t\t<section class=\"elementor-section elementor-top-section elementor-element elementor-element-79f82c7b elementor-section-boxed elementor-section-height-default elementor-section-height-default\" data-id=\"79f82c7b\" data-element_type=\"section\" data-e-type=\"section\">\n\t\t\t\t\t\t<div class=\"elementor-container elementor-column-gap-default\">\n\t\t\t\t\t<div class=\"elementor-column elementor-col-100 elementor-top-column elementor-element elementor-element-6543548b\" data-id=\"6543548b\" data-element_type=\"column\" data-e-type=\"column\">\n\t\t\t<div class=\"elementor-widget-wrap elementor-element-populated\">\n\t\t\t\t\t\t<div class=\"elementor-element elementor-element-1175f7af elementor-widget elementor-widget-text-editor\" data-id=\"1175f7af\" data-element_type=\"widget\" data-e-type=\"widget\" data-widget_type=\"text-editor.default\">\n\t\t\t\t<div class=\"elementor-widget-container\">\n\t\t\t\t\t\t\t\t\t<h1>Impressum<\/h1><h2 id=\"m46\">Diensteanbieter<\/h2><p>Stefan Marotta<\/p><p>N\u00fcrnberger Str. 23<\/p><p>86720 N\u00f6rdlingen<\/p><p>Deutschland<\/p><p><span class=\"ILfuVd\" lang=\"de\"><span class=\"hgKElc\">USt-IdNr: DE337793137<br \/><\/span><\/span><\/p><h2 id=\"m56\">Kontaktm\u00f6glichkeiten<\/h2><p>E-Mail-Adresse:<\/p><p>info@sound-play.net<\/p><p>Telefon:<\/p><p>+49 9081 9027127<\/p><h2 id=\"m3589\">Audiovisuelle Mediendienste<\/h2><p>Sitzland: Deutschland<\/p><p>Zust\u00e4ndige Regulierungs-, bzw. Aufsichtsbeh\u00f6rde: Bayerische Landeszentrale f\u00fcr neue Medien (BLM), <a href=\"https:\/\/www.blm.de\/\" target=\"_blank\" rel=\"noopener\">https:\/\/www.blm.de\/<\/a><\/p><h2 id=\"m172\">Social Media und andere Onlinepr\u00e4senzen<\/h2><p>Dieses Impressum gilt auch f\u00fcr die folgenden Social-Media-Pr\u00e4senzen und Onlineprofile:<\/p><p><a href=\"https:\/\/www.facebook.com\/mysoundplaynet\" target=\"_blank\" rel=\"noopener\">https:\/\/www.facebook.com\/mysoundplaynet<\/a><\/p><h2 id=\"m65\">Haftungs- und Schutzrechtshinweise<\/h2><p>Die Inhalte dieses Onlineangebotes wurden sorgf\u00e4ltig und nach unserem aktuellen Kenntnisstand erstellt, dienen jedoch nur der Information und entfalten keine rechtlich bindende Wirkung, sofern es sich nicht um gesetzlich verpflichtende Informationen (z.B. das Impressum, die Datenschutzerkl\u00e4rung, AGB oder verpflichtende Belehrungen von Verbrauchern) handelt. Wir behalten uns vor, die Inhalte vollst\u00e4ndig oder teilweise zu \u00e4ndern oder zu l\u00f6schen, soweit vertragliche Verpflichtungen unber\u00fchrt bleiben. Alle Angebote sind freibleibend und unverbindlich.<\/p><p>Die Inhalte fremder Webseiten, auf die wir direkt oder indirekt verweisen, liegen au\u00dferhalb unseres Verantwortungsbereiches und wir machen sie uns nicht zu Eigen. F\u00fcr alle Inhalte und Nachteile, die aus der Nutzung der in den verlinkten Webseiten aufrufbaren Informationen entstehen, \u00fcbernehmen wir keine Verantwortung.<\/p><p>Alle auf dieser Website dargestellten Inhalte, wie Texte, Fotografien, Grafiken, Marken und Warenzeichen sind durch die jeweiligen Schutzrechte (Urheberrechte, Markenrechte) gesch\u00fctzt. Die Verwendung, Vervielf\u00e4ltigung usw. unterliegen unseren Rechten oder den Rechten der jeweiligen Urheber bzw. Rechteinhaber.<\/p><p>Sollten Sie innerhalb unseres Internetauftritts Rechtsverst\u00f6\u00dfe bemerken, bitten wir Sie uns auf diese hinzuweisen. Wir werden rechtswidrige Inhalte und Links nach Kenntnisnahme unverz\u00fcglich entfernen.<\/p><p class=\"seal\"><a title=\"Rechtstext von Dr. Schwenke - f\u00fcr weitere Informationen bitte anklicken.\" href=\"https:\/\/datenschutz-generator.de\/\" target=\"_blank\" rel=\"noopener noreferrer nofollow\">Erstellt mit kostenlosem Datenschutz-Generator.de von Dr. Thomas Schwenke<\/a><\/p>\t\t\t\t\t\t\t\t<\/div>\n\t\t\t\t<\/div>\n\t\t\t\t\t<\/div>\n\t\t<\/div>\n\t\t\t\t\t<\/div>\n\t\t<\/section>\n\t\t\t\t<\/div>\n\t\t","protected":false},"excerpt":{"rendered":"<p>Impressum Diensteanbieter Stefan Marotta N\u00fcrnberger Str. 23 86720 N\u00f6rdlingen Deutschland USt-IdNr: DE337793137 Kontaktm\u00f6glichkeiten E-Mail-Adresse: info@sound-play.net Telefon: +49 9081 9027127 Audiovisuelle&#8230;<\/p>\n","protected":false},"author":1,"featured_media":0,"parent":0,"menu_order":0,"comment_status":"closed","ping_status":"closed","template":"","meta":{"inline_featured_image":false,"type":"","auto_type":false,"post":"","stream":"","stream_url":"","waveform_data":[],"duration":0,"start":0,"end":0,"bpm":0,"downloadable":false,"download_url":"","purchase_title":"","purchase_url":"","post-count-all":0,"like_count":0,"download_count":0,"editor_note":"","copyright":"","captions":[],"sources":[],"color":"","_monsterinsights_skip_tracking":false,"_monsterinsights_sitenote_active":false,"_monsterinsights_sitenote_note":"","_monsterinsights_sitenote_category":0,"footnotes":""},"class_list":["post-1675","page","type-page","status-publish","hentry","entry",""],"_links":{"self":[{"href":"https:\/\/sound-play.net\/de\/wp-json\/wp\/v2\/pages\/1675","targetHints":{"allow":["GET"]}}],"collection":[{"href":"https:\/\/sound-play.net\/de\/wp-json\/wp\/v2\/pages"}],"about":[{"href":"https:\/\/sound-play.net\/de\/wp-json\/wp\/v2\/types\/page"}],"author":[{"embeddable":true,"href":"https:\/\/sound-play.net\/de\/wp-json\/wp\/v2\/users\/1"}],"replies":[{"embeddable":true,"href":"https:\/\/sound-play.net\/de\/wp-json\/wp\/v2\/comments?post=1675"}],"version-history":[{"count":0,"href":"https:\/\/sound-play.net\/de\/wp-json\/wp\/v2\/pages\/1675\/revisions"}],"wp:attachment":[{"href":"https:\/\/sound-play.net\/de\/wp-json\/wp\/v2\/media?parent=1675"}],"curies":[{"name":"wp","href":"https:\/\/api.w.org\/{rel}","templated":true}]}}