{"id":1893,"date":"2022-02-06T12:46:28","date_gmt":"2022-02-06T11:46:28","guid":{"rendered":"https:\/\/sound-play.net\/de\/?page_id=1893"},"modified":"2022-12-25T20:44:09","modified_gmt":"2022-12-25T19:44:09","slug":"nutzungsbedingungen-und-konditionen","status":"publish","type":"page","link":"https:\/\/sound-play.net\/de\/nutzungsbedingungen-und-konditionen\/","title":{"rendered":"Nutzungsbedingungen und Konditionen"},"content":{"rendered":"\n<p>Die folgenden Nutzungsbedingungen haben f\u00fcr den Internetauftritt SoundPlay \u2013 <a href=\"https:\/\/buergerraete-donauries.de\/\">https:\/\/sound-play.net<\/a>, nachfolgend \u201eSoundPlay\u201c Geltung. Das \u201eSoundPlay\u201c stellt eine Austausch- und Informations- und Musikplattform dar. Geregelt wird in diesen Nutzungsbedingungen zum einen das Verh\u00e4ltnis zwischen den Betreibern der Musikplattform, von \u201eSoundPlay\u201c und den Besuchern und Mitgliedern (nachfolgend &#8220;Nutzer&#8221;), sowie das Verhalten der Nutzer untereinander. Mit der Registrierung bei SoundPlay wird daher zwischen den Nutzern und der \u201eSoundPlay\u201c ein Vertrag mit den folgenden Regelungen geschlossen:<\/p>\n\n\n\n<ol class=\"wp-block-list\">\n<li><strong>Anmeldung bei SoundPlay und Annahme der Nutzungsbedingungen<\/strong><\/li>\n<\/ol>\n\n\n\n<p>Mit der Registrierung bei SoundPlay erkl\u00e4rst du dich mit diesen Nutzungsbedingungen einverstanden. Die Nutzung ohne Zustimmung zu den Nutzungsbedingungen ist nicht m\u00f6glich. Der Nutzungsvertrag wird auf unbestimmte Zeit geschlossen und kann von beiden Seiten ohne Einhaltung einer Frist jederzeit gek\u00fcndigt werden. Die Nutzung des Angebotes durch Nutzer, die das 16. Lebensjahr noch nicht vollendet haben, ist nur unter Aufsicht und mit Zustimmung eines Erziehungsberechtigten erlaubt.<\/p>\n\n\n\n<ol class=\"wp-block-list\" start=\"2\">\n<li><strong>Reichweite der Nutzungsbedingungen<\/strong><\/li>\n<\/ol>\n\n\n\n<p>a.) Die Nutzungsbedingungen gelten f\u00fcr die Musikplattform, einschlie\u00dflich deren Unterseiten.<\/p>\n\n\n\n<p>b.) Die Nutzung von SoundPlay ist unentgeltlich.<\/p>\n\n\n\n<p>c.) Die Nutzungsbedingungen gelten ab dem Beginn der jeweiligen Nutzung.<\/p>\n\n\n\n<p>d.) Die \u201eSoundPlay\u201c beh\u00e4lt es sich vor eigene zahlungspflichtige Dienste innerhalb der Musikplattform anzubieten, sowie auf eigene zahlungspflichtige Dienste zu verweisen und zu verlinken. Sollte dies der Fall sein, werden die Nutzer explizit auf die Kosten und erg\u00e4nzende Nutzungsbedingungen hingewiesen werden.<\/p>\n\n\n\n<ol class=\"wp-block-list\" start=\"3\">\n<li><strong>Angebotsumfang und Erreichbarkeit der SoundPlay Musikplattform<\/strong><\/li>\n<\/ol>\n\n\n\n<p>a.) Die Musikplattform dient den Nutzern zum Austausch \u00fcber Musik auf \u201eSoundPlay\u201c. Nutzer sollen sich mit Anderen hier\u00fcber austauschen und die Inhalte mit einer breiten und offenen Nutzerschaft teilen. Die von der Musikplattform zur Verf\u00fcgung gestellten Services beinhalten f\u00fcr registrierte Nutzer unter anderem die M\u00f6glichkeit, unterschiedliche Inhalte wie Bilder und Musik einzustellen, Inhalte anderer Nutzern zu bewerten, zu kommentieren oder an Abstimmungen teilzunehmen. Registrierte Nutzer der Musikplattform haben dar\u00fcber hinaus die M\u00f6glichkeit mit anderen Nutzern in Kontakt zu treten und nach Inhalten zu suchen.<\/p>\n\n\n\n<p>b.) Das \u201eSoundPlay\u201c bem\u00fcht sich die Musikplattform stetig weiterzuentwickeln und an die Anforderungen der Nutzer anzupassen. Die Website stellt daher einen aktuellen Stand der Entwicklung dar. Die Nutzer haben aber keinen Anspruch darauf, dass das Angebot in seinem Inhalt und Umfang unver\u00e4ndert bleibt oder bestimmte Funktionen aufweist. Ebenfalls besteht kein Anspruch, dass das Angebot immer erreichbar ist und fehlerfrei funktioniert.<\/p>\n\n\n\n<p>c.) Das \u201eSoundPlay\u201c beh\u00e4lt sich vor, das Angebot oder Teile davon nicht weiter zur Verf\u00fcgung zu stellen. Sollte solch ein Fall eintreten, sind die Rechte der Betroffenen in Hinsicht auf personenbezogene Daten in den Datenschutzbestimmungen geregelt.<\/p>\n\n\n\n<ol class=\"wp-block-list\" start=\"4\">\n<li><strong>Angebote Dritter<\/strong><\/li>\n<\/ol>\n\n\n\n<p>a.) Das \u201eSoundPlay\u201c beh\u00e4lt sich vor mit Drittanbietern zu kooperieren. Sollten die Nutzer die Angebote Dritter nutzen ist das \u201eSoundPlay\u201c weder Vertragspartner noch Erf\u00fcllungsgehilfe. Es gelten die Gesch\u00e4ftsbedingungen des Dritten. Eine Leistungspflicht seitens der \u201eSoundPlay\u201c besteht in diesem Zusammenhang nicht.<\/p>\n\n\n\n<p>b.) Das \u201eSoundPlay\u201c verwendet in der Musikplattform keine Analyse- und Werbetools Dritter und wird dies auch in Zukunft nicht tun.<\/p>\n\n\n\n<p>c.) Das \u201eSoundPlay\u201c stellt keine Werbung Dritter, zum Beispiel in Form von Werbebannern oder Overlays, in der Musikplattform ein und wird dies auch in Zukunft nicht tun.<\/p>\n\n\n\n<p>d.) Das \u201eSoundPlay\u201c gibt keine E-Mail-Adressen zu Werbezwecken an Dritte, insbesondere nicht zu Zwecken des Direktmarketings.<\/p>\n\n\n\n<ol class=\"wp-block-list\" start=\"5\">\n<li><strong>Pflichten der Nutzer<\/strong><\/li>\n<\/ol>\n\n\n\n<p>a.) Nutzer verpflichten sich die bei der Registrierung notwendigen Angaben wahrheitsgem\u00e4\u00df auszuf\u00fcllen. Des Weiteren verpflichtet er sich dazu die Pers\u00f6nlichkeitsrechte Dritter durch falsche Angaben zu unterlassen.<\/p>\n\n\n\n<p>b.) Nutzer versichern, dass die von Ihnen eingestellten Inhalte, in welcher Form auch immer, nicht das Urheberrecht Dritter verletzen. Der Nutzer ist f\u00fcr die von Ihm bereitgestellten Inhalte verantwortlich. Das \u201eSoundPlay\u201c \u00fcbernimmt keine Verantwortung f\u00fcr diese. Dies gilt insbesondere f\u00fcr die m\u00f6gliche Verletzung von Urheberrechten, sowie die Richtigkeit der Inhalte.<\/p>\n\n\n\n<p>c.) Nutzer verpflichten sich keine Inhalte, in welcher Form auch immer, in das SoundPlay einzustellen die gegen geltendes Recht und gute Sitte versto\u00dfen. Dies umfasst unter Anderem, aber nicht abschlie\u00dfend:<\/p>\n\n\n\n<p>Aufrufe zum Drogenkonsum<\/p>\n\n\n\n<p>Aufrufe zu Gewalttaten<\/p>\n\n\n\n<p>Das Verbreiten von verfassungswidrigen Material nach deutschem Recht<\/p>\n\n\n\n<p>Das Verbreiten von Spam<\/p>\n\n\n\n<p>Das Verbreiten von sexuellen, gewalt- oder waffenverherlichenden Inhalten<\/p>\n\n\n\n<p>d.) Nutzer verpflichten sich gegen\u00fcber anderen Nutzern freundlich und politisch korrekt zu Verhalten. Dies umfasst unter Anderem, aber nicht abschlie\u00dfend:<\/p>\n\n\n\n<p>Beleidigungen<\/p>\n\n\n\n<p>Das Unterlassen von Diskrimination hinsichtlich Alter, Geschlecht und Herkunft<\/p>\n\n\n\n<p>Das Unterlassen von Diskrimination hinsichtlich Religionszugeh\u00f6rigkeit<\/p>\n\n\n\n<p>Mobbing<\/p>\n\n\n\n<p>Stalking<\/p>\n\n\n\n<p>e.) Nutzern ist es untersagt Werbung f\u00fcr Angebote Dritter zu verbreiten.<\/p>\n\n\n\n<p>f.) Nutzer verpflichten sich entsprechend dem unter 3.a.) genannten Zweck der SoundPlay zu verhalten. Rassistische oder sonst wie geartete Diskussionen, die thematisch entfernt von diesem Zweck sind, sind nicht erw\u00fcnscht.<\/p>\n\n\n\n<ol class=\"wp-block-list\" start=\"6\">\n<li><strong>Mehrfachaccounts, E-Mail-Adresse und Passw\u00f6rter<\/strong><\/li>\n<\/ol>\n\n\n\n<p>a.) Jeder Nutzer darf sich nur einmal gleichzeitig in der Musikplattform registrieren.<\/p>\n\n\n\n<p>b.) Sollte der Nutzer sein Passwort vergessen haben, kann er die &#8220;Passwort vergessen&#8221;-Funktion benutzen, um dieses zur\u00fcckzusetzen. F\u00fcr diesen Vorgang ist eine g\u00fctlige E-Mail-Adresse notwendig, f\u00fcr deren Inhalt der Nutzer zu sorgen hat. Vergessene Zugangsdaten werden nicht von Mitarbeitern der \u201eSoundPlay\u201c manuell zur\u00fcckgesetzt.<\/p>\n\n\n\n<ol class=\"wp-block-list\" start=\"7\">\n<li><strong>Rechte der \u201eSoundPlay\u201c<\/strong><\/li>\n<\/ol>\n\n\n\n<p>a.) Bei Verst\u00f6\u00dfen gegen diese Nutzungsbedingungen, Gesetze und\/oder andere in der Musikplattform ver\u00f6ffentlichten Regeln kann das \u201eSoundPlay\u201c Nutzer zeitweise oder dauerhaft von der Nutzung der Musikplattform sperren. Ebenso hat das \u201eSoundPlay\u201c das Recht ein Benutzerkonto, Beitr\u00e4ge und Funktionen jederzeit zu l\u00f6schen, insbesondere bei Verst\u00f6\u00dfen gegen die Nutzungsbedingungen.<\/p>\n\n\n\n<p>b.) Ebenso hat das \u201eSoundPlay\u201c das Recht Beitr\u00e4ge und bereitgestellte Inhalte abzu\u00e4ndern oder zu entfernen, sofern sie gegen die Nutzungsbedingungen oder geltende Gesetze versto\u00dfen. Die SoundPlay beh\u00e4lt sich auch das Recht vor die Einordnung der Vorgaben f\u00fcr Inhalte nach eigenem Ermessen zu bewerten.<\/p>\n\n\n\n<ol class=\"wp-block-list\" start=\"8\">\n<li><strong>Rechteeinr\u00e4umung<\/strong><\/li>\n<\/ol>\n\n\n\n<p>Mit dem Erstellen von Inhalten in der Musikplattform, erteilt der Nutzer der \u201eSoundPlay\u201c ein einfaches, zeitlich und r\u00e4umlich unbeschr\u00e4nktes und unentgeltliches Recht, die erstellten Inhalte im Rahmen der Musikplattform zu nutzen. Dieses Nutzungsrecht beinhaltet insbesondere das Recht, die Inhalte auf den Webseiten der \u201eSoundPlay\u201c weltweit \u00f6ffentlich zug\u00e4nglich zu machen, sie zu vervielf\u00e4ltigen, zu verbreiten und auf Dritte zu \u00fcbertragen. Dieses Nutzungsrecht bleibt auch nach K\u00fcndigung des Nutzungsvertrags bestehen.<\/p>\n\n\n\n<p>Durch die Einr\u00e4umung dieser Rechte macht sich das \u201eSoundPlay\u201c die Inhalte der Nutzer nicht im Sinne von Haftungsnormen zu Eigen. Die Einr\u00e4umung der Rechte dient lediglich der Erleichterung der Verwaltung und der Nutzung der Inhalte beim Betrieb der Musikplattform.<\/p>\n\n\n\n<ol class=\"wp-block-list\" start=\"9\">\n<li><strong>Beendigung des Nutzungsverh\u00e4ltnisses<\/strong><\/li>\n<\/ol>\n\n\n\n<p>a.) Das \u201eSoundPlay\u201c kann den Nutzer jederzeit ohne Angabe von Gr\u00fcnden von der Nutzung der Musikplattform ausschlie\u00dfen. Die pers\u00f6nlichen Daten des Nutzers, werden in solch einem Fall gel\u00f6scht. Dieses Vorgehen findet insbesondere bei Verst\u00f6\u00dfen gegen die Nutzungsbedingungen Anwendung.<\/p>\n\n\n\n<p>b.) Nutzer k\u00f6nnen ihre Mitgliedschaft in der SoundPlay jederzeit durch die Profileinstellungen beenden. Die pers\u00f6nlichen Daten werden mit der Beendigung gel\u00f6scht.<\/p>\n\n\n\n<p>c.) Sollte ein Nutzer nicht in der Lage sein seinen Account zu l\u00f6schen, kann er sich jederzeit an einen Mitarbeiter der \u201eSoundPlay\u201c wenden. \u201eSoundPlay\u201c sind unter folgender E-Mail-Adresse erreichbar: info@sound-play.net<\/p>\n\n\n\n<p>d.) Sollte ein Nutzer das Angebot der Musikplattform l\u00e4nger als ein Jahr lang nicht mehr nutzen, beh\u00e4lt sich \u201eSoundPlay\u201c vor, den Nutzer, samt seiner pers\u00f6nlichen Daten, ohne Vorank\u00fcndigung zu l\u00f6schen.<\/p>\n\n\n\n<ol class=\"wp-block-list\" start=\"10\">\n<li><strong>Haftungsbeschr\u00e4nkungen<\/strong><\/li>\n<\/ol>\n\n\n\n<p>a.) Der Nutzer nimmt zur Kenntnis, das \u201eSoundPlay\u201c nicht f\u00fcr Inhalte haftet, welche nicht von ihr erstellt wurde.<\/p>\n\n\n\n<p>b.) Das \u201eSoundPlay\u201c haftet mit Ausnahme der Verletzung von Leben, K\u00f6rper und Gesundheit und der Verletzung wesentlicher Vertragspflichten (Kardinalpflichten) nur f\u00fcr Sch\u00e4den, die auf ein vors\u00e4tzliches oder grob fahrl\u00e4ssiges Verhalten zur\u00fcckzuf\u00fchren sind. Dies gilt auch f\u00fcr mittelbare Folgesch\u00e4den wie, insbesondere entgangenen Gewinn.<\/p>\n\n\n\n<p>c.) Die Haftungsbegrenzung dieser Bedingungen gelten sinngem\u00e4\u00df auch zugunsten der Mitarbeiter und Erf\u00fcllungsgehilfen der \u201eSoundPlay\u201c.<\/p>\n\n\n\n<ol class=\"wp-block-list\" start=\"11\">\n<li><strong>Haftungsfreistellung<\/strong><\/li>\n<\/ol>\n\n\n\n<p>a.) Sollte sich das \u201eSoundPlay\u201c wegen Handlungen des Nutzers (bspw. wegen Nutzung eines urheberrechtlich gesch\u00fctzten Fotos durch einen Nutzer) verantworten m\u00fcssen, stellt der Nutzer das \u201eSoundPlay\u201c frei von s\u00e4mtlichen Anspr\u00fcchen sowie den notwendigen Kosten, die im Zusammenhang mit der Abwehr von Anspr\u00fcchen entstehen, welche Dritte gegen\u00fcber der \u201eSoundPlay\u201c aufgrund einer vom Nutzer zu vertretenen Rechtsverletzung geltend machen. Zu den notwendigen Kosten geh\u00f6ren insbesondere Gerichts- und Anwaltskosten in gesetzlicher H\u00f6he.<\/p>\n\n\n\n<p>b.) Der Nutzer ist zudem verpflichtet der \u201eSoundPlay\u201c wahrheitsgem\u00e4\u00df, unverz\u00fcglich und vollst\u00e4ndig von der Rechtsverletzung und \u00fcber alle Umst\u00e4nde, die der Abwehr der Anspr\u00fcche des Dritten dienlich sind, zu informieren und hierzu notwendige Materialien zu \u00fcberlassen.<\/p>\n\n\n\n<ol class=\"wp-block-list\" start=\"12\">\n<li><strong>\u00c4nderungen dieser Nutzungsbedingungen<\/strong><\/li>\n<\/ol>\n\n\n\n<p>a.) Das \u201eSoundPlay\u201c ist berechtigt, die Nutzungsbedingungen und die Datenschutzrichtlinien zu \u00e4ndern. Die Anpassung erfolgt nur beim Vorliegen von triftigen und sachlichen Gr\u00fcnden und wenn es das vertragliche Gleichgewicht des Nutzers zu dem Betreiber nicht st\u00f6ren wird. Solche Gr\u00fcnde k\u00f6nnen zum Beispiel rechtliche sowie technische Ver\u00e4nderungen, Erfahrungen mit Nutzerverhalten oder unbeabsichtigte L\u00fccken in den Klauseln sein. Die \u00c4nderung wird den Nutzern per E-Mail und\/oder beim n\u00e4chsten Besuch der Webseite mitgeteilt.<\/p>\n\n\n\n<p>b.) Nutzer sind berechtigt, den \u00c4nderungen zu widersprechen. Im Falle des Widerspruchs beh\u00e4lt sich das \u201eSoundPlay\u201c das Recht vor, das zwischen dem Nutzer und der \u201eSoundPlay\u201c bestehende Vertragsverh\u00e4ltnis mit sofortiger Wirkung zu beenden.<\/p>\n\n\n\n<ol class=\"wp-block-list\" start=\"13\">\n<li><strong>Datenschutz<\/strong><\/li>\n<\/ol>\n\n\n\n<p>Die geltenden datenschutzrechtlichen Bestimmungen sind der \u201eSoundPlay\u201c bekannt. Das \u201eSoundPlay\u201c wird die gesetzlichen Bestimmungen des Datenschutzes in der jeweils geltenden Fassung einhalten.<\/p>\n\n\n\n<ol class=\"wp-block-list\" start=\"14\">\n<li><strong>Anwendbares Recht<\/strong><\/li>\n<\/ol>\n\n\n\n<p>Auf die vertraglichen Beziehungen zwischen der \u201eSoundPlay\u201c und dem Nutzer ist das Recht der Bundesrepublik Deutschland anwendbar, soweit dem keine zwingenden Regelungen entgegenstehen.<\/p>\n\n\n\n<ol class=\"wp-block-list\" start=\"15\">\n<li><strong>Salvatorische Klausel<\/strong><\/li>\n<\/ol>\n\n\n\n<p>Sollten eine oder mehrere der Bestimmungen dieses Vertrages unwirksam sein oder werden, so wird die Wirksamkeit der \u00fcbrigen Bestimmungen hierdurch nicht ber\u00fchrt. Die Vertragsparteien sind gehalten, die unwirksame Bestimmung durch eine solche wirksame Bestimmung zu ersetzen, mit der das vertraglich gewollte Ergebnis am besten erreicht wird.<\/p>\n","protected":false},"excerpt":{"rendered":"<p>Die folgenden Nutzungsbedingungen haben f\u00fcr den Internetauftritt SoundPlay \u2013 https:\/\/sound-play.net, nachfolgend \u201eSoundPlay\u201c Geltung. Das \u201eSoundPlay\u201c stellt eine Austausch- und Informations-&#8230;<\/p>\n","protected":false},"author":1,"featured_media":0,"parent":0,"menu_order":0,"comment_status":"closed","ping_status":"closed","template":"","meta":{"inline_featured_image":false,"type":"","auto_type":false,"post":"","stream":"","stream_url":"","waveform_data":[],"duration":0,"start":0,"end":0,"bpm":0,"downloadable":false,"download_url":"","purchase_title":"","purchase_url":"","post-count-all":0,"like_count":0,"download_count":0,"editor_note":"","copyright":"","captions":[],"sources":[],"color":"","_monsterinsights_skip_tracking":false,"_monsterinsights_sitenote_active":false,"_monsterinsights_sitenote_note":"","_monsterinsights_sitenote_category":0,"footnotes":""},"class_list":["post-1893","page","type-page","status-publish","hentry","entry",""],"_links":{"self":[{"href":"https:\/\/sound-play.net\/de\/wp-json\/wp\/v2\/pages\/1893","targetHints":{"allow":["GET"]}}],"collection":[{"href":"https:\/\/sound-play.net\/de\/wp-json\/wp\/v2\/pages"}],"about":[{"href":"https:\/\/sound-play.net\/de\/wp-json\/wp\/v2\/types\/page"}],"author":[{"embeddable":true,"href":"https:\/\/sound-play.net\/de\/wp-json\/wp\/v2\/users\/1"}],"replies":[{"embeddable":true,"href":"https:\/\/sound-play.net\/de\/wp-json\/wp\/v2\/comments?post=1893"}],"version-history":[{"count":0,"href":"https:\/\/sound-play.net\/de\/wp-json\/wp\/v2\/pages\/1893\/revisions"}],"wp:attachment":[{"href":"https:\/\/sound-play.net\/de\/wp-json\/wp\/v2\/media?parent=1893"}],"curies":[{"name":"wp","href":"https:\/\/api.w.org\/{rel}","templated":true}]}}